{"id":8070,"date":"2019-09-29T17:24:15","date_gmt":"2019-09-29T21:24:15","guid":{"rendered":"http:\/\/helenetattoo.com\/?page_id=8070"},"modified":"2024-07-22T09:50:02","modified_gmt":"2024-07-22T13:50:02","slug":"faq","status":"publish","type":"page","link":"http:\/\/www.helenetattoo.com\/index.php\/faq\/","title":{"rendered":"FAQ"},"content":{"rendered":"<p>[vc_row][vc_column][vc_accordion active_tab= &raquo;0&Prime;][vc_accordion_tab add_icon= &raquo;true &raquo; title= &raquo;Pour faire un tatouage chez Helene Tattoo, comment \u00e7a se passe? &raquo;][vc_column_text]<span class=\"_3oh- _58nk\">Le candidat \u00e0 un tattoo me contacte (par email, t\u00e9l\u00e9phone, Facebook ou Instagram) pour parler de son projet, avec des visuels ou pas.\u00a0<\/span><\/p>\n<p><span class=\"_3oh- _58nk\">Selon la complexit\u00e9 du projet, on peut directement poser un rendez-vous, ou alors un travail de cr\u00e9ation est n\u00e9cessaire et on effectue une consultation.<br \/>\nDans ce cas, il faut parfois\u00a0 prendre des dimensions ou\u00a0 faire une empreinte de la zone \u00e0 tatouer.<br \/>\nLorsque le dessin est r\u00e9alis\u00e9\u00a0 et adh\u00e9quat, on peut programmer une date de rendez-vous pour le tatouage.<br \/>\nPour tout projet des arrhes sont demand\u00e9es. Elles sont d\u00e9duites du co\u00fbt final du tatouage et sont conserv\u00e9es lorsqu&rsquo;un dessin a \u00e9t\u00e9 r\u00e9alis\u00e9.<br \/>\n<\/span><\/p>\n<p>Le jour de la s\u00e9ance de tatouage, il est recommand\u00e9 de venir avec l&rsquo;estomac plein, le corps repos\u00e9 et propre. Si on est malade il est pr\u00e9f\u00e9rable de reporter son rendez-vous.<br \/>\nLa salle de travail et son mobilier sont d\u00e9sinfect\u00e9s quotidiennement et entre chaque client. Toutes les surfaces utilis\u00e9es sont recouverte d&rsquo;un film de protection. Le mat\u00e9riel utilis\u00e9 est st\u00e9rile \u00e0 usage unique. Il est ouvert apr\u00e8s lavage des mains et port des gants. La peau est aseptis\u00e9e juste avant le d\u00e9but du tatouage.<\/p>\n<p>En fin de s\u00e9ance, une fiche de soin est remise et un petit explicatif est fait, afin de savoir comment g\u00e9rer les suites du tatouage. Et bien entendu je reste joignable pour tout ce qui concerne le suivi et la cicatrisation.[\/vc_column_text][\/vc_accordion_tab][vc_accordion_tab add_icon= &raquo;true &raquo; title= &raquo;Je peux mettre une cr\u00e8me anesth\u00e9siante? &raquo;][vc_column_text] <strong>Il est toujours pr\u00e9f\u00e9rable d&rsquo;avoir un avis m\u00e9dical avant l&rsquo;usage d&rsquo;un produit anesth\u00e9siant. <\/strong>Si votre m\u00e9decin accepte de vous en prescrire, et que vous d\u00e9cidez d&rsquo;en mettre avant votre venue, <strong>nous nous d\u00e9chargeons de tout probl\u00e8me cons\u00e9cutif \u00e0 votre choix.<\/strong><\/p>\n<p>Sachez que la cr\u00e8me reste efficace sur un court terme, et peut perdre de son efficacit\u00e9 avant m\u00eame que l&rsquo;acte soit fini, et aussi qu&rsquo;aucun test n&rsquo;a \u00e9t\u00e9 fait sur les incidences possibles de l&rsquo;usage conjoint de nos produits et de ces cr\u00e8mes. <strong>Une r\u00e9action allergique reste enfin un effet possible dangereux.<\/strong><\/p>\n<p><strong>Je vous recommande d&rsquo;\u00e9viter ces cr\u00e8mes, surtout sans avis m\u00e9dical.<\/strong>[\/vc_column_text][\/vc_accordion_tab][vc_accordion_tab add_icon= &raquo;true &raquo; title= &raquo;Un tatouage, \u00e7a fait mal ? &raquo;][vc_column_text] <strong>La douleur est une notion subjective:<\/strong><\/p>\n<p>Nous avons tous des terminaisons nerveuses dans la peau qui vont capter la douleur de la piqure. Cette douleur sera transmise au cerveau par les nerfs. Nous avons tous un &laquo; c\u00e2blage nerveux &raquo; diff\u00e9rent, et notre perception de la douleur est tr\u00e8s personnelle. Que ce soit la zone, l&rsquo;intensit\u00e9 ou la nature de la douleur, nul ne peut savoir \u00e0 votre place si cela va \u00eatre plus ou moins p\u00e9nible.<\/p>\n<p>Dire qu&rsquo;un tatouage est indolore serait mentir, cependant, la douleur ressentie est tr\u00e8s souvent g\u00e9rable et endurable sur une certaine dur\u00e9e. Voyez autour de vous le nombre de gens qui ont des tatouages &#8230;<\/p>\n<p>Dans ces conditions, seule la motivation compte. <strong>Si votre envie est att\u00e9nu\u00e9e par la crainte de la douleur, vous n\u2019\u00eates peut \u00eatre pas pr\u00eat \u00e0 franchir le pas.\u00a0<\/strong>[\/vc_column_text][\/vc_accordion_tab][vc_accordion_tab add_icon= &raquo;true &raquo; title= &raquo;Je suis mineur, vous acceptez de me tatouer ? &raquo;][vc_column_text] Non, voil\u00e0 pourquoi:<\/p>\n<ol>\n<li>Un tatouage, c&rsquo;est de l&rsquo;encre emprisonn\u00e9e dans la peau, et plus pr\u00e9cis\u00e9ment dans le derme. Plus on est jeune, et plus les cellules de la peau se multiplient vite, ce qui signifie que sur un certain terme, l&rsquo;encre va peu \u00e0 peu \u00eatre dilu\u00e9e et dispers\u00e9e dans la peau. <strong>En r\u00e9sum\u00e9, si \u00e0 16 ans on se fait tatouer, il y a de grandes chances qu&rsquo;\u00e0 26 ans, alors qu&rsquo;on est encore tr\u00e8s jeune, on ait d\u00e9j\u00e0 un tattoo vieux de 10 ans , fan\u00e9, vieilli, d\u00e9color\u00e9&#8230;<\/strong><\/li>\n<li>Un tatouage, c&rsquo;est plus ou moins visible, et m\u00eame si de plus en plus de gens en ont, si \u00e7a se d\u00e9mocratise, il y a toujours des personnes qui portent un jugement n\u00e9gatif sur le tattoo. Quand on est jeune, on n&rsquo;a pas encore de situation professionnelle, et parfois on ne sais pas encore ce qu&rsquo;on veut faire de sa vie&#8230; on peut finalement opter pour un travail, un m\u00e9tier dans lequel il sera pr\u00e9f\u00e9rable de ne pas avoir de tattoo apparent, mais on ne le sais pas encore. <strong>En r\u00e9sum\u00e9, c&rsquo;est dommage de risquer de perdre des opportunit\u00e9s professionnelles \u00e0 cause d&rsquo;un tattoo&#8230;<\/strong><\/li>\n<li>Un tatouage, c&rsquo;est pour la vie, et il est tr\u00e8s difficile quand on est jeune de savoir comment on sera dans vingt ans, il est difficile d&rsquo;\u00eatre sur qu&rsquo;on sera toujours dans le m\u00eame \u00e9tat d&rsquo;esprit, avec les m\u00eames gouts,\u00a0 envies, passions. <strong>En r\u00e9sum\u00e9, on peut voir changer plein de choses dans sa vie, mais pas de peau&#8230;<\/strong>[\/vc_column_text][\/vc_accordion_tab][vc_accordion_tab add_icon= &raquo;true &raquo; title= &raquo;Quels sont les risques \u00e0 faire un tatouage ? &raquo;][vc_column_text]Plusieurs risques sont \u00e0 consid\u00e9rer lorsque l&rsquo;on souhaite un tatouage. Les professionnels de ce m\u00e9tier doivent en informer leurs clients potentiels. En parall\u00e8le, il me semble important d&rsquo;indiquer \u00e9galement les mesures que je mets en \u0153uvre pour limiter au maximum ces risques:<\/li>\n<\/ol>\n<ul>\n<li>Contamination par le sang:<\/li>\n<\/ul>\n<p>Sida et h\u00e9patites sont les virus les plus inqui\u00e9tants \u00e0 ce sujet. La contamination peut avoir lieu dans deux situations.<\/p>\n<p>Si les aiguilles sont r\u00e9utilis\u00e9es, le sang qui les souille peut \u00eatre vecteur. J&rsquo;utilise du mat\u00e9riel st\u00e9rile et \u00e0 usage unique. Je le d\u00e9balle devant le client et le jette dans des boites sp\u00e9cifiques aux d\u00e9chets biom\u00e9dicaux \u00e0 risque .<\/p>\n<p>Si le professionnel se pique, son sang est sur les aiguilles. Il ne doit donc pas les r\u00e9introduire dans la peau du client.\u00a0 Je respecte un protocole identique \u00e0 celui du personnel soignant, afin de me pr\u00e9server car le tatoueur est le premier \u00e0 prendre le risque de contamination en se piquant. Ce protocole consiste en l&rsquo;arr\u00eat imm\u00e9diat de l&rsquo;acte, l&rsquo;usage du Dakin et un traitement en urgence.<\/p>\n<ul>\n<li>Infections et mycoses:<\/li>\n<\/ul>\n<p>Bact\u00e9ries et champignons en sont les agents. Ils sont pr\u00e9sents naturellement sur la peau et dans notre environnement. Pour limiter ces risques, je nettoie quotidiennement les zones de travail et leurs surfaces avec des produits norm\u00e9s, virucides, bact\u00e9ricides et fongicides. Je porte des gants que je mets apr\u00e8s avoir proc\u00e9d\u00e9 \u00e0 un double lavage des mains au savon antiseptique et au gel hydroalcoolique. Je manipule le mat\u00e9riel apr\u00e8s avoir mis ces gants, et enfin, je fais une asepsie de la peau avec savon et lotion \u00e0 base de clorhexidine. Enfin, je donne des instructions et des conseils de soins afin que le client soient \u00e0 m\u00eame de g\u00e9rer au mieux sa cicatrisation.<\/p>\n<ul>\n<li>Allergies:<\/li>\n<\/ul>\n<p>Les produits sont ici en cause. Si le client se sait allergique au latex, \u00e0 la clorhexidine ou \u00e0 d&rsquo;autres substances, il est imp\u00e9ratif de me le signaler.<\/p>\n<p>Il est possible pour toute personne qui le souhaite de faire un test cutan\u00e9 avant la s\u00e9ance de tatouage pour valider que les encres ne lui sont pas allerg\u00e8nes<\/p>\n<ul>\n<li>Regrets:<\/li>\n<\/ul>\n<p>Ce risque est le plus important. En effet, un choix trop rapide, fait trop jeune ou en ignorant les conseils du professionnel peut conduire \u00e0 des regrets. Il faut bien prendre en compte les points suivants:<\/p>\n<p>Un tatouage est fait dans la peau, support vivant et vieillissant. T\u00f4t ou tard le tatouage \u00e9volue. Il a tendance \u00e0 perdre en d\u00e9finition et \u00e0 s&rsquo;\u00e9claircir, ceci \u00e0 cause de la division cellulaire qui permet au cellules de la peau de se multiplier.<\/p>\n<p>Un tatouage peut \u00eatre d\u00e9form\u00e9 et abim\u00e9 par le v\u00e9cu du corps: croissance, prise de poids, grossesse, vergetures, cicatrices&#8230;<\/p>\n<p>Un tatouage peut repr\u00e9senter un frein dans le monde professionnel: bien que de plus en plus accept\u00e9, certains employeurs peuvent consid\u00e9rer que le candidat tatou\u00e9 ne donnerait pas une bonne image de leur entreprise.<\/p>\n<p>Un tatouage est fait \u00e0 une p\u00e9riode de notre vie, mais il faut se demander si le sens et le motif du tatouage choisi continueront de nous plaire dans la dur\u00e9e,\u00a0 et si on l&rsquo;assumera pleinement.<\/p>\n<p>[\/vc_column_text][\/vc_accordion_tab][vc_accordion_tab add_icon= &raquo;true &raquo; title= &raquo;Combien va me couter mon tatouage et comment le r\u00e9gler? &raquo;][vc_column_text] Mon tarif est un tarif horaire taxes incluses de 120$. Le prix plancher pour les plus petits tatouages est de 100 $ car le materiel de base est toujours le m\u00eame.<\/p>\n<p>Si des arrhes ont \u00e9t\u00e9 laiss\u00e9es, elles sont d\u00e9duites du co\u00fbt final du tatouage. Tous les r\u00e8glements doivent se faire en esp\u00e8ces.<\/p>\n<p>[\/vc_column_text][\/vc_accordion_tab][\/vc_accordion][\/vc_column][\/vc_row]<\/p>\n","protected":false},"excerpt":{"rendered":"<p>[vc_row][vc_column][vc_accordion active_tab= &raquo;0&Prime;][vc_accordion_tab add_icon= &raquo;true &raquo; title= &raquo;Pour faire un tatouage chez Helene Tattoo, comment \u00e7a se passe? &raquo;][vc_column_text]Le candidat \u00e0 un tattoo me contacte (par email, t\u00e9l\u00e9phone, Facebook ou Instagram) pour parler de son projet, avec des visuels ou pas.\u00a0 Selon la complexit\u00e9 du projet, on peut directement poser un rendez-vous, ou alors un&#8230;<\/p>\n<p><a rel=\"bookmark\" class=\"tattoopress-button-text wvc-button wvc-button-size-sm\" href=\"http:\/\/www.helenetattoo.com\/index.php\/faq\/\"><small class=\"wvc-button-background-fill\"><\/small><span>continue reading<\/span><\/a><\/p>\n","protected":false},"author":1,"featured_media":0,"parent":0,"menu_order":0,"comment_status":"closed","ping_status":"closed","template":"","meta":[],"_links":{"self":[{"href":"http:\/\/www.helenetattoo.com\/index.php\/wp-json\/wp\/v2\/pages\/8070"}],"collection":[{"href":"http:\/\/www.helenetattoo.com\/index.php\/wp-json\/wp\/v2\/pages"}],"about":[{"href":"http:\/\/www.helenetattoo.com\/index.php\/wp-json\/wp\/v2\/types\/page"}],"author":[{"embeddable":true,"href":"http:\/\/www.helenetattoo.com\/index.php\/wp-json\/wp\/v2\/users\/1"}],"replies":[{"embeddable":true,"href":"http:\/\/www.helenetattoo.com\/index.php\/wp-json\/wp\/v2\/comments?post=8070"}],"version-history":[{"count":0,"href":"http:\/\/www.helenetattoo.com\/index.php\/wp-json\/wp\/v2\/pages\/8070\/revisions"}],"wp:attachment":[{"href":"http:\/\/www.helenetattoo.com\/index.php\/wp-json\/wp\/v2\/media?parent=8070"}],"curies":[{"name":"wp","href":"https:\/\/api.w.org\/{rel}","templated":true}]}}