{"id":7887,"date":"2019-07-02T11:27:59","date_gmt":"2019-07-02T15:27:59","guid":{"rendered":"https:\/\/demos.wolfthemes.com\/tattoopress\/?page_id=7887"},"modified":"2023-09-20T21:17:09","modified_gmt":"2023-09-21T01:17:09","slug":"helene","status":"publish","type":"page","link":"http:\/\/www.helenetattoo.com\/index.php\/helene\/","title":{"rendered":"Helene"},"content":{"rendered":"<p>[vc_row column_type= &raquo;block &raquo; background_type= &raquo;image &raquo; background_img= &raquo;7630&Prime; background_repeat= &raquo;repeat &raquo; background_size= &raquo;default &raquo; background_img_lazyload= &raquo; &raquo; shift_y= &raquo;0&Prime; z_index= &raquo;0&Prime; min_height= &raquo;500&Prime;][vc_column width= &raquo;1\/2&Prime;][vc_custom_heading text= &raquo;A propos d&rsquo;H\u00e9l\u00e8ne &raquo; font_size= &raquo;32&Prime; text_align= &raquo;left &raquo;][vc_column_text]H\u00e9l\u00e8ne se consacre \u00e0 un tatouage personnalis\u00e9 et unique. Chaque cr\u00e9ation est l&rsquo;aboutissement d&rsquo;un travail d&rsquo;\u00e9coute et de conseil visant \u00e0 correspondre \u00e0 l&rsquo;attente du client. Elle se r\u00e9serve le droit de refuser certains projets dans le cadre de son \u00e9thique. Elle ne tatoue pas les mineurs, ni les femmes enceintes ou allaitantes.[\/vc_column_text][\/vc_column][vc_column width= &raquo;1\/2&Prime; background_type= &raquo;image &raquo; background_img= &raquo;8209&Prime; background_img_lazyload= &raquo;1&Prime; shift_x= &raquo;0&Prime; shift_y= &raquo;0&Prime; z_index= &raquo;0&Prime; add_grunge= &raquo;true &raquo;][wvc_admin_helper_text comment= &raquo;Image set in the column background settings (top pencil icon &gt; style tab) &raquo;][vc_empty_space height= &raquo;450&Prime;][\/vc_column][\/vc_row][vc_row content_width= &raquo;large &raquo; equal_height= &raquo; &raquo; shift_y= &raquo;0&Prime; z_index= &raquo;0&Prime;][vc_column font_color= &raquo;light &raquo; shift_x= &raquo;0&Prime; shift_y= &raquo;0&Prime; z_index= &raquo;0&Prime;][vc_custom_heading text= &raquo;Tatouages r\u00e9alis\u00e9s par H\u00e9l\u00e8ne &raquo; font_size= &raquo;32&Prime;][\/vc_column][\/vc_row][vc_row][vc_column][vc_gallery slides_per_view= &raquo;4&Prime; hover_effect= &raquo;opacity &raquo; css_animation_each= &raquo;true &raquo; images= &raquo;8626,8635,8624,8551,8536,8622,8485,8452,8167,8143,8142,8632,8709,8649,8669,8431,8736,8679&Prime; css_animation= &raquo;zoom-in &raquo;][\/vc_column][\/vc_row]<\/p>\n","protected":false},"excerpt":{"rendered":"<p>[vc_row column_type= &raquo;block &raquo; background_type= &raquo;image &raquo; background_img= &raquo;7630&Prime; background_repeat= &raquo;repeat &raquo; background_size= &raquo;default &raquo; background_img_lazyload= &raquo; &raquo; shift_y= &raquo;0&Prime; z_index= &raquo;0&Prime; min_height= &raquo;500&Prime;][vc_column width= &raquo;1\/2&Prime;][vc_custom_heading text= &raquo;A propos d&rsquo;H\u00e9l\u00e8ne &raquo; font_size= &raquo;32&Prime; text_align= &raquo;left &raquo;][vc_column_text]H\u00e9l\u00e8ne se consacre \u00e0 un tatouage personnalis\u00e9 et unique. Chaque cr\u00e9ation est l&rsquo;aboutissement d&rsquo;un travail d&rsquo;\u00e9coute et de conseil visant&#8230;<\/p>\n<p><a rel=\"bookmark\" class=\"tattoopress-button-text wvc-button wvc-button-size-sm\" href=\"http:\/\/www.helenetattoo.com\/index.php\/helene\/\"><small class=\"wvc-button-background-fill\"><\/small><span>continue reading<\/span><\/a><\/p>\n","protected":false},"author":1,"featured_media":0,"parent":0,"menu_order":0,"comment_status":"closed","ping_status":"closed","template":"","meta":[],"_links":{"self":[{"href":"http:\/\/www.helenetattoo.com\/index.php\/wp-json\/wp\/v2\/pages\/7887"}],"collection":[{"href":"http:\/\/www.helenetattoo.com\/index.php\/wp-json\/wp\/v2\/pages"}],"about":[{"href":"http:\/\/www.helenetattoo.com\/index.php\/wp-json\/wp\/v2\/types\/page"}],"author":[{"embeddable":true,"href":"http:\/\/www.helenetattoo.com\/index.php\/wp-json\/wp\/v2\/users\/1"}],"replies":[{"embeddable":true,"href":"http:\/\/www.helenetattoo.com\/index.php\/wp-json\/wp\/v2\/comments?post=7887"}],"version-history":[{"count":0,"href":"http:\/\/www.helenetattoo.com\/index.php\/wp-json\/wp\/v2\/pages\/7887\/revisions"}],"wp:attachment":[{"href":"http:\/\/www.helenetattoo.com\/index.php\/wp-json\/wp\/v2\/media?parent=7887"}],"curies":[{"name":"wp","href":"https:\/\/api.w.org\/{rel}","templated":true}]}}