{"id":3,"date":"2019-09-28T15:06:10","date_gmt":"2019-09-28T13:06:10","guid":{"rendered":"http:\/\/helenetattoo.com\/?page_id=3"},"modified":"2024-07-22T08:38:05","modified_gmt":"2024-07-22T12:38:05","slug":"politique-de-confidentialite","status":"publish","type":"page","link":"http:\/\/www.helenetattoo.com\/index.php\/politique-de-confidentialite\/","title":{"rendered":"Politique de confidentialit\u00e9"},"content":{"rendered":"<p>[vc_row][vc_column font_color= &raquo;light &raquo; shift_x= &raquo;0&Prime; shift_y= &raquo;0&Prime; z_index= &raquo;0&Prime;][vc_column_text]<\/p>\r\n<h2>Qui sommes-nous\u00a0?<\/h2>\r\n\r\n<p>L\u2019adresse de notre site Web est : http:\/\/www.helenetattoo.com.<\/p>\r\n<p>\u00a0<\/p>\r\n\r\n<h2>Utilisation des donn\u00e9es personnelles collect\u00e9es<\/h2>\r\n<p>\u00a0<\/p>\r\n<p>\u00a0<\/p>\r\n\r\n<h3>S\u00e9curit\u00e9<\/h3>\r\n<p>A des fins de s\u00e9curit\u00e9, votre adresse IP est conserv\u00e9e dans notre base de donn\u00e9es<\/p>\r\n<h3>Formulaires de contact<\/h3>\r\n<p>Les seules informations collect\u00e9es sont celles que vous renseignez vous-m\u00eame via le formulaire de contact, \u00e0 savoir:<\/p>\r\n<ul>\r\n<li>Nom<\/li>\r\n<li>Email<\/li>\r\n<li>Infos de votre projet<\/li>\r\n<\/ul>\r\n<p>\u00a0<\/p>\r\n\r\n<h3>Cookies<\/h3>\r\n\r\n<p>Nous n&rsquo;utilisons pas de cookies sur notre site<\/p>\r\n<p>\u00a0<\/p>\r\n\r\n<h3>Contenu embarqu\u00e9 depuis d\u2019autres sites<\/h3>\r\n\r\n<p>Les articles de ce site peuvent inclure des contenus int\u00e9gr\u00e9s (par exemple des vid\u00e9os, images, articles\u2026). Le contenu int\u00e9gr\u00e9 depuis d\u2019autres sites se comporte de la m\u00eame mani\u00e8re que si le visiteur se rendait sur cet autre site.<\/p>\r\n\r\n<p>Ces sites web pourraient collecter des donn\u00e9es sur vous, utiliser des cookies, embarquer des outils de suivis tiers, suivre vos interactions avec ces contenus embarqu\u00e9s si vous disposez d\u2019un compte connect\u00e9 sur leur site web.<\/p>\r\n<p>\u00a0<\/p>\r\n\r\n<h3>Statistiques et mesures d\u2019audience<\/h3>\r\n<p>\u00a0<\/p>\r\n\r\n<h2>Utilisation et transmission de vos donn\u00e9es personnelles<\/h2>\r\n<p>\u00a0<\/p>\r\n\r\n<h2>Dur\u00e9es de stockage de vos donn\u00e9es<\/h2>\r\n\r\n<p>Les informations renseign\u00e9es dans les formulaires ne sont pas stock\u00e9es sur notre site, elles servent uniquement pour g\u00e9n\u00e9rer un mail envoy\u00e9 \u00e0 helene.tatouage@gmail.com.<\/p>\r\n<p>\u00a0<\/p>\r\n\r\n<h2>Les droits que vous avez sur vos donn\u00e9es<\/h2>\r\n\r\n<p>Vous pouvez \u00e9galement demander la suppression des donn\u00e9es personnelles vous concernant, \u00e0 savoir les emails g\u00e9n\u00e9r\u00e9s via les formulaires. Cela ne prend pas en compte les donn\u00e9es stock\u00e9es \u00e0 des fins administratives, l\u00e9gales ou pour des raisons de s\u00e9curit\u00e9.<\/p>\r\n<p>\u00a0<\/p>\r\n\r\n<h2>Transmission de vos donn\u00e9es personnelles<\/h2>\r\n\r\n<p>Vos donn\u00e9es personnelles ne sont jamais transmises \u00e0 aucun tiers.<\/p>\r\n<p>\u00a0<\/p>\r\n\r\n<h2>Informations de contact<\/h2>\r\n<p>Pour toute question sur la politique de confidentialit\u00e9 contactez nous par mail helene.tatouage@gmail.com.<\/p>\r\n<p>\u00a0<\/p>\r\n\r\n<h2>Informations suppl\u00e9mentaires<\/h2>\r\n<p>\u00a0<\/p>\r\n\r\n<h3>Comment nous prot\u00e9geons vos donn\u00e9es<\/h3>\r\n<p>Le site est s\u00e9curis\u00e9 via un parefeu, qui prot\u00e8ge l&rsquo;acc\u00e8s aux donn\u00e9es qui y sont stock\u00e9es<\/p>\r\n<p>\u00a0<\/p>\r\n\r\n<h3>Proc\u00e9dures mises en \u0153uvre en cas de fuite de donn\u00e9es<\/h3>\r\n<p>En cas de fuite de donn\u00e9es, seules les adresses IP des personnes qui se sont connect\u00e9es pourraient \u00eatre r\u00e9cup\u00e9r\u00e9es<\/p>\r\n<p>\u00a0<\/p>\r\n<p>\u00a0<\/p>\r\n\r\n<h3>Op\u00e9rations de marketing automatis\u00e9 et\/ou de profilage r\u00e9alis\u00e9es \u00e0 l\u2019aide des donn\u00e9es personnelles<\/h3>\r\n<p>Aucune op\u00e9ration marketing et\/ou de profilage ne sera r\u00e9alis\u00e9e \u00e0 partir des donn\u00e9es envoy\u00e9es via les formulaires de contact<\/p>\r\n<p>\u00a0<\/p>\r\n<p>\u00a0<\/p>\r\n<p>[\/vc_column_text][\/vc_column][\/vc_row]<\/p>","protected":false},"excerpt":{"rendered":"<p>[vc_row][vc_column font_color= &raquo;light &raquo; shift_x= &raquo;0&Prime; shift_y= &raquo;0&Prime; z_index= &raquo;0&Prime;][vc_column_text] Qui sommes-nous\u00a0? L\u2019adresse de notre site Web est : http:\/\/www.helenetattoo.com. \u00a0 Utilisation des donn\u00e9es personnelles collect\u00e9es \u00a0 \u00a0 S\u00e9curit\u00e9 A des fins de s\u00e9curit\u00e9, votre adresse IP est conserv\u00e9e dans notre base de donn\u00e9es Formulaires de contact Les seules informations collect\u00e9es sont celles que vous&#8230;<\/p>\n<p><a rel=\"bookmark\" class=\"tattoopress-button-text wvc-button wvc-button-size-sm\" href=\"http:\/\/www.helenetattoo.com\/index.php\/politique-de-confidentialite\/\"><small class=\"wvc-button-background-fill\"><\/small><span>continue reading<\/span><\/a><\/p>\n","protected":false},"author":1,"featured_media":0,"parent":0,"menu_order":0,"comment_status":"closed","ping_status":"open","template":"","meta":[],"_links":{"self":[{"href":"http:\/\/www.helenetattoo.com\/index.php\/wp-json\/wp\/v2\/pages\/3"}],"collection":[{"href":"http:\/\/www.helenetattoo.com\/index.php\/wp-json\/wp\/v2\/pages"}],"about":[{"href":"http:\/\/www.helenetattoo.com\/index.php\/wp-json\/wp\/v2\/types\/page"}],"author":[{"embeddable":true,"href":"http:\/\/www.helenetattoo.com\/index.php\/wp-json\/wp\/v2\/users\/1"}],"replies":[{"embeddable":true,"href":"http:\/\/www.helenetattoo.com\/index.php\/wp-json\/wp\/v2\/comments?post=3"}],"version-history":[{"count":0,"href":"http:\/\/www.helenetattoo.com\/index.php\/wp-json\/wp\/v2\/pages\/3\/revisions"}],"wp:attachment":[{"href":"http:\/\/www.helenetattoo.com\/index.php\/wp-json\/wp\/v2\/media?parent=3"}],"curies":[{"name":"wp","href":"https:\/\/api.w.org\/{rel}","templated":true}]}}